{"id":24,"date":"2024-08-22T11:58:50","date_gmt":"2024-08-22T11:58:50","guid":{"rendered":"https:\/\/skyhighframing.com\/?page_id=24"},"modified":"2025-03-18T22:36:56","modified_gmt":"2025-03-18T22:36:56","slug":"about-us","status":"publish","type":"page","link":"https:\/\/skyhighframing.com\/es\/about-us\/","title":{"rendered":"SOBRE NOSOTROS"},"content":{"rendered":"<div data-elementor-type=\"wp-page\" data-elementor-id=\"24\" class=\"elementor elementor-24\">\n\t\t\t\t<div class=\"elementor-element elementor-element-9846214 e-flex e-con-boxed e-con e-parent\" data-id=\"9846214\" data-element_type=\"container\" data-e-type=\"container\" data-settings=\"{&quot;background_background&quot;:&quot;classic&quot;}\">\n\t\t\t\t\t<div class=\"e-con-inner\">\n\t\t<div class=\"elementor-element elementor-element-07b3b70 e-con-full e-flex e-con e-child\" data-id=\"07b3b70\" data-element_type=\"container\" data-e-type=\"container\" data-settings=\"{&quot;background_background&quot;:&quot;gradient&quot;}\">\n\t\t\t\t<div class=\"elementor-element elementor-element-8c399af elementor-widget elementor-widget-heading\" data-id=\"8c399af\" data-element_type=\"widget\" data-e-type=\"widget\" data-widget_type=\"heading.default\">\n\t\t\t\t<div class=\"elementor-widget-container\">\n\t\t\t\t\t<h1 class=\"elementor-heading-title elementor-size-default\">SOBRE NOSOTROS <\/h1>\t\t\t\t<\/div>\n\t\t\t\t<\/div>\n\t\t\t\t<\/div>\n\t\t\t\t\t<\/div>\n\t\t\t\t<\/div>\n\t\t<div class=\"elementor-element elementor-element-3d458de e-flex e-con-boxed e-con e-parent\" data-id=\"3d458de\" data-element_type=\"container\" data-e-type=\"container\" data-settings=\"{&quot;background_background&quot;:&quot;classic&quot;}\">\n\t\t\t\t\t<div class=\"e-con-inner\">\n\t\t<div class=\"elementor-element elementor-element-bb4f10d e-con-full e-flex e-con e-child\" data-id=\"bb4f10d\" data-element_type=\"container\" data-e-type=\"container\" data-settings=\"{&quot;background_background&quot;:&quot;gradient&quot;}\">\n\t\t\t\t<div class=\"elementor-element elementor-element-e77def2 elementor-widget elementor-widget-heading\" data-id=\"e77def2\" data-element_type=\"widget\" data-e-type=\"widget\" data-widget_type=\"heading.default\">\n\t\t\t\t<div class=\"elementor-widget-container\">\n\t\t\t\t\t<h2 class=\"elementor-heading-title elementor-size-default\">SKY HIGH FRAMING<\/h2>\t\t\t\t<\/div>\n\t\t\t\t<\/div>\n\t\t<div class=\"elementor-element elementor-element-6e08a2e e-con-full e-flex e-con e-child\" data-id=\"6e08a2e\" data-element_type=\"container\" data-e-type=\"container\">\n\t\t\t\t<div class=\"elementor-element elementor-element-6c9ea4a elementor-widget elementor-widget-heading\" data-id=\"6c9ea4a\" data-element_type=\"widget\" data-e-type=\"widget\" data-widget_type=\"heading.default\">\n\t\t\t\t<div class=\"elementor-widget-container\">\n\t\t\t\t\t<h4 class=\"elementor-heading-title elementor-size-default\">Sky High Framing es una empresa fundada en Los \u00c1ngeles, California, por Kevin Argueta. Comenz\u00f3 como carpintero y su sue\u00f1o siempre fue montar su propia empresa. Con su esfuerzo y dedicaci\u00f3n logr\u00f3 construir Sky High Framing, una empresa que hoy en dia esta entre las mejores en California. Contamos con  trabajadores calificados que tienen a\u00f1os de experiencia. En Sky High Framing somos una empresa honesta y responsable; Nuestra prioridad es siempre brindar el mejor servicio a nuestros clientes. Damos a los clientes la seguridad de que est\u00e1n trabajando con un equipo de profesionales que realizar\u00e1n el trabajo seg\u00fan los planos aprobados. Siempre estamos disponibles para discutir cualquier tema relacionado con el trabajo.\n\n\n\n<\/h4>\t\t\t\t<\/div>\n\t\t\t\t<\/div>\n\t\t\t\t<\/div>\n\t\t\t\t<\/div>\n\t\t<div class=\"elementor-element elementor-element-d8aa867 e-con-full e-flex e-con e-child\" data-id=\"d8aa867\" data-element_type=\"container\" data-e-type=\"container\">\n\t\t\t\t<div class=\"elementor-element elementor-element-8f3dd4e elementor-widget elementor-widget-image\" data-id=\"8f3dd4e\" data-element_type=\"widget\" data-e-type=\"widget\" data-widget_type=\"image.default\">\n\t\t\t\t<div class=\"elementor-widget-container\">\n\t\t\t\t\t\t\t\t\t\t\t\t\t\t\t<img fetchpriority=\"high\" decoding=\"async\" width=\"1024\" height=\"1024\" src=\"https:\/\/skyhighframing.com\/wp-content\/uploads\/2025\/02\/Sky-High-Framing-logo-1-1-1-1-1024x1024.png\" class=\"attachment-large size-large wp-image-2249 has-transparency\" alt=\"Sky High Framing Logo\" srcset=\"https:\/\/skyhighframing.com\/wp-content\/uploads\/2025\/02\/Sky-High-Framing-logo-1-1-1-1-1024x1024.png 1024w, https:\/\/skyhighframing.com\/wp-content\/uploads\/2025\/02\/Sky-High-Framing-logo-1-1-1-1-300x300.png 300w, https:\/\/skyhighframing.com\/wp-content\/uploads\/2025\/02\/Sky-High-Framing-logo-1-1-1-1-150x150.png 150w, https:\/\/skyhighframing.com\/wp-content\/uploads\/2025\/02\/Sky-High-Framing-logo-1-1-1-1-768x768.png 768w, https:\/\/skyhighframing.com\/wp-content\/uploads\/2025\/02\/Sky-High-Framing-logo-1-1-1-1-12x12.png 12w, https:\/\/skyhighframing.com\/wp-content\/uploads\/2025\/02\/Sky-High-Framing-logo-1-1-1-1.png 1280w\" sizes=\"(max-width: 1024px) 100vw, 1024px\" data-has-transparency=\"true\" data-dominant-color=\"463a2f\" style=\"--dominant-color: #463a2f\" title=\"\">\t\t\t\t\t\t\t\t\t\t\t\t\t\t\t<\/div>\n\t\t\t\t<\/div>\n\t\t\t\t<div class=\"elementor-element elementor-element-3f82cf5 elementor-align-center elementor-widget elementor-widget-button\" data-id=\"3f82cf5\" data-element_type=\"widget\" data-e-type=\"widget\" data-widget_type=\"button.default\">\n\t\t\t\t<div class=\"elementor-widget-container\">\n\t\t\t\t\t\t\t\t\t<div class=\"elementor-button-wrapper\">\n\t\t\t\t\t<a class=\"elementor-button elementor-button-link elementor-size-sm elementor-animation-grow\" href=\"https:\/\/skyhighframing.com\/contact-us\/\">\n\t\t\t\t\t\t<span class=\"elementor-button-content-wrapper\">\n\t\t\t\t\t\t\t\t\t<span class=\"elementor-button-text\">CONT\u00c1CTENOS <\/span>\n\t\t\t\t\t<\/span>\n\t\t\t\t\t<\/a>\n\t\t\t\t<\/div>\n\t\t\t\t\t\t\t\t<\/div>\n\t\t\t\t<\/div>\n\t\t\t\t<\/div>\n\t\t\t\t\t<\/div>\n\t\t\t\t<\/div>\n\t\t\t\t<\/div>","protected":false},"excerpt":{"rendered":"<p>ABOUT US SKY HIGH FRAMING Sky High Framing is a company founded in Los Angeles, California by Kevin Argueta. He [&hellip;]<\/p>\n","protected":false},"author":1,"featured_media":0,"parent":0,"menu_order":0,"comment_status":"closed","ping_status":"closed","template":"","meta":{"inline_featured_image":false,"_uag_custom_page_level_css":"","_monsterinsights_skip_tracking":false,"_monsterinsights_sitenote_active":false,"_monsterinsights_sitenote_note":"","_monsterinsights_sitenote_category":0,"site-sidebar-layout":"no-sidebar","site-content-layout":"","ast-site-content-layout":"full-width-container","site-content-style":"default","site-sidebar-style":"default","ast-global-header-display":"","ast-banner-title-visibility":"","ast-main-header-display":"","ast-hfb-above-header-display":"","ast-hfb-below-header-display":"","ast-hfb-mobile-header-display":"","site-post-title":"disabled","ast-breadcrumbs-content":"","ast-featured-img":"disabled","footer-sml-layout":"","ast-disable-related-posts":"","theme-transparent-header-meta":"","adv-header-id-meta":"","stick-header-meta":"","header-above-stick-meta":"","header-main-stick-meta":"","header-below-stick-meta":"","astra-migrate-meta-layouts":"default","ast-page-background-enabled":"default","ast-page-background-meta":{"desktop":{"background-color":"var(--ast-global-color-4)","background-image":"","background-repeat":"repeat","background-position":"center center","background-size":"auto","background-attachment":"scroll","background-type":"","background-media":"","overlay-type":"","overlay-color":"","overlay-opacity":"","overlay-gradient":""},"tablet":{"background-color":"","background-image":"","background-repeat":"repeat","background-position":"center center","background-size":"auto","background-attachment":"scroll","background-type":"","background-media":"","overlay-type":"","overlay-color":"","overlay-opacity":"","overlay-gradient":""},"mobile":{"background-color":"","background-image":"","background-repeat":"repeat","background-position":"center center","background-size":"auto","background-attachment":"scroll","background-type":"","background-media":"","overlay-type":"","overlay-color":"","overlay-opacity":"","overlay-gradient":""}},"ast-content-background-meta":{"desktop":{"background-color":"var(--ast-global-color-5)","background-image":"","background-repeat":"repeat","background-position":"center center","background-size":"auto","background-attachment":"scroll","background-type":"","background-media":"","overlay-type":"","overlay-color":"","overlay-opacity":"","overlay-gradient":""},"tablet":{"background-color":"var(--ast-global-color-5)","background-image":"","background-repeat":"repeat","background-position":"center center","background-size":"auto","background-attachment":"scroll","background-type":"","background-media":"","overlay-type":"","overlay-color":"","overlay-opacity":"","overlay-gradient":""},"mobile":{"background-color":"var(--ast-global-color-5)","background-image":"","background-repeat":"repeat","background-position":"center center","background-size":"auto","background-attachment":"scroll","background-type":"","background-media":"","overlay-type":"","overlay-color":"","overlay-opacity":"","overlay-gradient":""}},"footnotes":""},"class_list":["post-24","page","type-page","status-publish","hentry"],"uagb_featured_image_src":{"full":false,"thumbnail":false,"medium":false,"medium_large":false,"large":false,"1536x1536":false,"2048x2048":false,"trp-custom-language-flag":false},"uagb_author_info":{"display_name":false,"author_link":"https:\/\/skyhighframing.com\/es\/author\/skyhighframing247gmail-com\/"},"uagb_comment_info":0,"uagb_excerpt":"ABOUT US SKY HIGH FRAMING Sky High Framing is a company founded in Los Angeles, California by Kevin Argueta. He [&hellip;]","rttpg_featured_image_url":null,"rttpg_author":{"display_name":false,"author_link":"https:\/\/skyhighframing.com\/es\/author\/skyhighframing247gmail-com\/"},"rttpg_comment":0,"rttpg_category":null,"rttpg_excerpt":"ABOUT US SKY HIGH FRAMING Sky High Framing is a company founded in Los Angeles, California by Kevin Argueta. He [&hellip;]","_links":{"self":[{"href":"https:\/\/skyhighframing.com\/es\/wp-json\/wp\/v2\/pages\/24","targetHints":{"allow":["GET"]}}],"collection":[{"href":"https:\/\/skyhighframing.com\/es\/wp-json\/wp\/v2\/pages"}],"about":[{"href":"https:\/\/skyhighframing.com\/es\/wp-json\/wp\/v2\/types\/page"}],"author":[{"embeddable":true,"href":"https:\/\/skyhighframing.com\/es\/wp-json\/wp\/v2\/users\/1"}],"replies":[{"embeddable":true,"href":"https:\/\/skyhighframing.com\/es\/wp-json\/wp\/v2\/comments?post=24"}],"version-history":[{"count":51,"href":"https:\/\/skyhighframing.com\/es\/wp-json\/wp\/v2\/pages\/24\/revisions"}],"predecessor-version":[{"id":2370,"href":"https:\/\/skyhighframing.com\/es\/wp-json\/wp\/v2\/pages\/24\/revisions\/2370"}],"wp:attachment":[{"href":"https:\/\/skyhighframing.com\/es\/wp-json\/wp\/v2\/media?parent=24"}],"curies":[{"name":"wp","href":"https:\/\/api.w.org\/{rel}","templated":true}]}}